{"id":9,"date":"2025-03-03T17:28:21","date_gmt":"2025-03-03T17:28:21","guid":{"rendered":"https:\/\/refrigeracaomp.com.br\/rmp\/?page_id=9"},"modified":"2025-03-16T02:37:13","modified_gmt":"2025-03-16T02:37:13","slug":"politica-de-privacidade","status":"publish","type":"page","link":"https:\/\/refrigeracaomp.com.br\/rmp\/politica-de-privacidade\/","title":{"rendered":"Pol\u00edtica de privacidade"},"content":{"rendered":"\t\t<div data-elementor-type=\"wp-page\" data-elementor-id=\"9\" class=\"elementor elementor-9\">\n\t\t\t\t<div class=\"elementor-element elementor-element-a78187c e-flex e-con-boxed wpr-particle-no wpr-jarallax-no wpr-parallax-no wpr-sticky-section-no wpr-equal-height-no e-con e-parent\" data-id=\"a78187c\" data-element_type=\"container\" data-e-type=\"container\" data-settings=\"{&quot;background_background&quot;:&quot;gradient&quot;}\">\n\t\t\t\t\t<div class=\"e-con-inner\">\n\t\t\t\t<div class=\"elementor-element elementor-element-2a77aba3 elementor-widget elementor-widget-text-editor\" data-id=\"2a77aba3\" data-element_type=\"widget\" data-e-type=\"widget\" data-widget_type=\"text-editor.default\">\n\t\t\t\t<div class=\"elementor-widget-container\">\n\t\t\t\t\t\t\t\t\t\n<h4>Pol\u00edtica de Privacidade<\/h4>\n<p>A sua privacidade \u00e9 importante para n\u00f3s. Esta Pol\u00edtica de Privacidade descreve como coletamos, usamos e protegemos suas informa\u00e7\u00f5es quando voc\u00ea visita nosso site. Ao acessar nosso site, voc\u00ea concorda com os termos descritos nesta pol\u00edtica.<\/p>\n\n<h4 class=\"wp-block-heading\">Informa\u00e7\u00f5es Coletadas<\/h4>\n\n<p>Este site n\u00e3o coleta informa\u00e7\u00f5es pessoais como nome, endere\u00e7o de e-mail ou n\u00famero de telefone. As \u00fanicas informa\u00e7\u00f5es que podem ser coletadas s\u00e3o <strong>dados an\u00f4nimos<\/strong> atrav\u00e9s de ferramentas de an\u00e1lise da web (como Google Analytics), para nos ajudar a entender o tr\u00e1fego do site e melhorar a experi\u00eancia do usu\u00e1rio.<\/p>\n\n<h4 class=\"wp-block-heading\">Cookies<\/h4>\n\n<p>Ao acessar nosso site, voc\u00ea concorda com o uso de <strong>cookies<\/strong>. Caso contr\u00e1rio, voc\u00ea pode configurar seu navegador para recusar cookies, mas isso pode afetar a funcionalidade do site.\u00a0<\/p>\n<h4 data-start=\"660\" data-end=\"693\">Direitos de Privacidade<\/h4>\n<p data-start=\"694\" data-end=\"1000\">Este site <strong data-start=\"704\" data-end=\"739\">n\u00e3o coleta informa\u00e7\u00f5es pessoais<\/strong> como nome, endere\u00e7o de e-mail ou n\u00famero de telefone. No entanto, caso voc\u00ea tenha d\u00favidas sobre como usamos cookies ou informa\u00e7\u00f5es an\u00f4nimas (por exemplo, por meio de ferramentas de an\u00e1lise como o Google Analytics), entre em contato conosco para esclarecimentos.<\/p>\n\n<h4 class=\"wp-block-heading\">Links externos<\/h4>\n\n<p>Nosso site pode conter links para sites de terceiros, como o WhatsApp. Esses sites t\u00eam suas pr\u00f3prias pol\u00edticas de privacidade e n\u00e3o nos responsabilizamos por suas pr\u00e1ticas. Recomendamos que voc\u00ea leia as pol\u00edticas de privacidade desses servi\u00e7os antes de interagir com eles.<\/p>\n\n<h4 class=\"wp-block-heading\">Seguran\u00e7a<\/h4>\n\n<p>Embora adotemos medidas de seguran\u00e7a para proteger suas informa\u00e7\u00f5es, lembre-se de que nenhuma transmiss\u00e3o pela internet ou armazenamento eletr\u00f4nico \u00e9 100% seguro. Embora nos esforcemos para proteger suas informa\u00e7\u00f5es, n\u00e3o podemos garantir sua seguran\u00e7a absoluta.<\/p>\n\n<h4 class=\"wp-block-heading\">Altera\u00e7\u00f5es nesta Pol\u00edtica<\/h4>\n\n<p>Podemos atualizar esta Pol\u00edtica de Privacidade ocasionalmente. Quaisquer altera\u00e7\u00f5es ser\u00e3o publicadas nesta p\u00e1gina, com a data da \u00faltima atualiza\u00e7\u00e3o.<\/p>\n\n<h4 class=\"wp-block-heading\">Contato<\/h4>\n\n<p>Se voc\u00ea tiver alguma d\u00favida sobre nossa Pol\u00edtica de Privacidade, entre em contato conosco atrav\u00e9s do nosso e-mail: contato@mprefrigeracao.com.br.<\/p>\n\t\t\t\t\t\t\t\t<\/div>\n\t\t\t\t<\/div>\n\t\t\t\t\t<\/div>\n\t\t\t\t<\/div>\n\t\t\t\t<\/div>\n\t\t","protected":false},"excerpt":{"rendered":"<p>Pol\u00edtica de Privacidade A sua privacidade \u00e9 importante para n\u00f3s. Esta Pol\u00edtica de Privacidade descreve como coletamos, usamos e protegemos suas informa\u00e7\u00f5es quando voc\u00ea visita nosso site. Ao acessar nosso site, voc\u00ea concorda com os termos descritos nesta pol\u00edtica. Informa\u00e7\u00f5es Coletadas Este site n\u00e3o coleta informa\u00e7\u00f5es pessoais como nome, endere\u00e7o de e-mail ou n\u00famero de telefone. As \u00fanicas informa\u00e7\u00f5es que podem ser coletadas s\u00e3o dados an\u00f4nimos atrav\u00e9s de ferramentas de an\u00e1lise da web (como Google Analytics), para nos ajudar a entender o tr\u00e1fego do site e melhorar a experi\u00eancia do usu\u00e1rio. Cookies Ao acessar nosso site, voc\u00ea concorda com o uso de cookies. Caso contr\u00e1rio, voc\u00ea pode configurar seu navegador para recusar cookies, mas isso pode afetar a funcionalidade do site.\u00a0 Direitos de Privacidade Este site n\u00e3o coleta informa\u00e7\u00f5es pessoais como nome, endere\u00e7o de e-mail ou n\u00famero de telefone. No entanto, caso voc\u00ea tenha d\u00favidas sobre como usamos cookies ou informa\u00e7\u00f5es an\u00f4nimas (por exemplo, por meio de ferramentas de an\u00e1lise como o Google Analytics), entre em contato conosco para esclarecimentos. Links externos Nosso site pode conter links para sites de terceiros, como o WhatsApp. Esses sites t\u00eam suas pr\u00f3prias pol\u00edticas de privacidade e n\u00e3o nos responsabilizamos por suas pr\u00e1ticas. Recomendamos que voc\u00ea leia as pol\u00edticas de privacidade desses servi\u00e7os antes de interagir com eles. Seguran\u00e7a Embora adotemos medidas de seguran\u00e7a para proteger suas informa\u00e7\u00f5es, lembre-se de que nenhuma transmiss\u00e3o pela internet ou armazenamento eletr\u00f4nico \u00e9 100% seguro. Embora nos esforcemos para proteger suas informa\u00e7\u00f5es, n\u00e3o podemos garantir sua seguran\u00e7a absoluta. Altera\u00e7\u00f5es nesta Pol\u00edtica Podemos atualizar esta Pol\u00edtica de Privacidade ocasionalmente. Quaisquer altera\u00e7\u00f5es ser\u00e3o publicadas nesta p\u00e1gina, com a data da \u00faltima atualiza\u00e7\u00e3o. Contato Se voc\u00ea tiver alguma d\u00favida sobre nossa Pol\u00edtica de Privacidade, entre em contato conosco atrav\u00e9s do nosso e-mail: contato@mprefrigeracao.com.br.<\/p>\n","protected":false},"author":1,"featured_media":0,"parent":0,"menu_order":0,"comment_status":"closed","ping_status":"closed","template":"","meta":{"footnotes":""},"class_list":["post-9","page","type-page","status-publish","hentry"],"_links":{"self":[{"href":"https:\/\/refrigeracaomp.com.br\/rmp\/wp-json\/wp\/v2\/pages\/9","targetHints":{"allow":["GET"]}}],"collection":[{"href":"https:\/\/refrigeracaomp.com.br\/rmp\/wp-json\/wp\/v2\/pages"}],"about":[{"href":"https:\/\/refrigeracaomp.com.br\/rmp\/wp-json\/wp\/v2\/types\/page"}],"author":[{"embeddable":true,"href":"https:\/\/refrigeracaomp.com.br\/rmp\/wp-json\/wp\/v2\/users\/1"}],"replies":[{"embeddable":true,"href":"https:\/\/refrigeracaomp.com.br\/rmp\/wp-json\/wp\/v2\/comments?post=9"}],"version-history":[{"count":21,"href":"https:\/\/refrigeracaomp.com.br\/rmp\/wp-json\/wp\/v2\/pages\/9\/revisions"}],"predecessor-version":[{"id":212,"href":"https:\/\/refrigeracaomp.com.br\/rmp\/wp-json\/wp\/v2\/pages\/9\/revisions\/212"}],"wp:attachment":[{"href":"https:\/\/refrigeracaomp.com.br\/rmp\/wp-json\/wp\/v2\/media?parent=9"}],"curies":[{"name":"wp","href":"https:\/\/api.w.org\/{rel}","templated":true}]}}