{"id":13,"date":"2025-03-03T17:31:16","date_gmt":"2025-03-03T17:31:16","guid":{"rendered":"https:\/\/refrigeracaomp.com.br\/rmp\/?page_id=13"},"modified":"2025-03-03T20:11:35","modified_gmt":"2025-03-03T20:11:35","slug":"servicos","status":"publish","type":"page","link":"https:\/\/refrigeracaomp.com.br\/rmp\/servicos\/","title":{"rendered":"Servi\u00e7os"},"content":{"rendered":"\t\t<div data-elementor-type=\"wp-page\" data-elementor-id=\"13\" class=\"elementor elementor-13\">\n\t\t\t\t<div class=\"elementor-element elementor-element-811f691 e-flex e-con-boxed wpr-particle-no wpr-jarallax-no wpr-parallax-no wpr-sticky-section-no wpr-equal-height-no e-con e-parent\" data-id=\"811f691\" data-element_type=\"container\" data-e-type=\"container\" data-settings=\"{&quot;background_background&quot;:&quot;slideshow&quot;,&quot;background_slideshow_gallery&quot;:[{&quot;id&quot;:96,&quot;url&quot;:&quot;http:\\\/\\\/refrigeracaomp.com.br\\\/rmp\\\/wp-content\\\/uploads\\\/2025\\\/03\\\/fundo_servicos.png&quot;}],&quot;background_slideshow_slide_duration&quot;:5000,&quot;background_slideshow_slide_transition&quot;:&quot;fade&quot;,&quot;background_slideshow_transition_duration&quot;:500}\">\n\t\t\t\t\t<div class=\"e-con-inner\">\n\t\t\t\t<div class=\"elementor-element elementor-element-c8b3f9a elementor-widget elementor-widget-heading\" data-id=\"c8b3f9a\" data-element_type=\"widget\" data-e-type=\"widget\" data-widget_type=\"heading.default\">\n\t\t\t\t<div class=\"elementor-widget-container\">\n\t\t\t\t\t<h2 class=\"elementor-heading-title elementor-size-default\">Solu\u00e7\u00f5es Completas em Refrigera\u00e7\u00e3o Comercial e Industrial<\/h2>\t\t\t\t<\/div>\n\t\t\t\t<\/div>\n\t\t\t\t\t<\/div>\n\t\t\t\t<\/div>\n\t\t<div class=\"elementor-element elementor-element-53b4fdd e-flex e-con-boxed wpr-particle-no wpr-jarallax-no wpr-parallax-no wpr-sticky-section-no wpr-equal-height-no e-con e-parent\" data-id=\"53b4fdd\" data-element_type=\"container\" data-e-type=\"container\" data-settings=\"{&quot;background_background&quot;:&quot;gradient&quot;}\">\n\t\t\t\t\t<div class=\"e-con-inner\">\n\t\t\t\t<div class=\"elementor-element elementor-element-98b03a0 elementor-invisible elementor-widget elementor-widget-heading\" data-id=\"98b03a0\" data-element_type=\"widget\" data-e-type=\"widget\" data-settings=\"{&quot;_animation&quot;:&quot;bounceIn&quot;}\" data-widget_type=\"heading.default\">\n\t\t\t\t<div class=\"elementor-widget-container\">\n\t\t\t\t\t<h2 class=\"elementor-heading-title elementor-size-default\">Atendemos <b>Porto Alegre e Regi\u00e3o Metropolitana<\/b> com servi\u00e7os de alta qualidade para garantir efici\u00eancia e durabilidade dos seus equipamentos.<\/h2>\t\t\t\t<\/div>\n\t\t\t\t<\/div>\n\t\t\t\t<div class=\"elementor-element elementor-element-cb77b77 elementor-invisible elementor-widget elementor-widget-heading\" data-id=\"cb77b77\" data-element_type=\"widget\" data-e-type=\"widget\" data-settings=\"{&quot;_animation&quot;:&quot;fadeIn&quot;}\" data-widget_type=\"heading.default\">\n\t\t\t\t<div class=\"elementor-widget-container\">\n\t\t\t\t\t<h2 class=\"elementor-heading-title elementor-size-default\">NOSSOS SERVI\u00c7OS<\/h2>\t\t\t\t<\/div>\n\t\t\t\t<\/div>\n\t\t\t\t<div class=\"elementor-element elementor-element-c51ea92 elementor-widget__width-initial elementor-invisible elementor-widget elementor-widget-text-editor\" data-id=\"c51ea92\" data-element_type=\"widget\" data-e-type=\"widget\" data-settings=\"{&quot;_animation&quot;:&quot;fadeInLeft&quot;,&quot;_animation_delay&quot;:200}\" data-widget_type=\"text-editor.default\">\n\t\t\t\t<div class=\"elementor-widget-container\">\n\t\t\t\t\t\t\t\t\t<p>\ud83d\udd39 <strong data-start=\"815\" data-end=\"849\">Compra e Venda de Equipamentos<\/strong><\/p><p>Comercializamos equipamentos novos e seminovos para refrigera\u00e7\u00e3o comercial e industrial, garantindo qualidade e pre\u00e7o justo.<\/p>\t\t\t\t\t\t\t\t<\/div>\n\t\t\t\t<\/div>\n\t\t\t\t<div class=\"elementor-element elementor-element-7dae90d elementor-widget__width-initial elementor-invisible elementor-widget elementor-widget-text-editor\" data-id=\"7dae90d\" data-element_type=\"widget\" data-e-type=\"widget\" data-settings=\"{&quot;_animation&quot;:&quot;fadeInLeft&quot;,&quot;_animation_delay&quot;:400}\" data-widget_type=\"text-editor.default\">\n\t\t\t\t<div class=\"elementor-widget-container\">\n\t\t\t\t\t\t\t\t\t<p>\ud83d\udd39 <strong data-start=\"1001\" data-end=\"1043\">Instala\u00e7\u00e3o de Sistemas de Refrigera\u00e7\u00e3o<\/strong><\/p><p>Montamos e configuramos c\u00e2maras frias, freezers, balc\u00f5es refrigerados e sistemas de climatiza\u00e7\u00e3o de forma segura e eficiente.<\/p>\t\t\t\t\t\t\t\t<\/div>\n\t\t\t\t<\/div>\n\t\t\t\t<div class=\"elementor-element elementor-element-2a0c560 elementor-widget__width-initial elementor-invisible elementor-widget elementor-widget-text-editor\" data-id=\"2a0c560\" data-element_type=\"widget\" data-e-type=\"widget\" data-settings=\"{&quot;_animation&quot;:&quot;fadeInLeft&quot;,&quot;_animation_delay&quot;:600}\" data-widget_type=\"text-editor.default\">\n\t\t\t\t<div class=\"elementor-widget-container\">\n\t\t\t\t\t\t\t\t\t<p>\ud83d\udd39 <strong data-start=\"1196\" data-end=\"1233\">Manuten\u00e7\u00e3o Preventiva e Corretiva<\/strong><\/p><p>Evite surpresas! Fazemos inspe\u00e7\u00f5es e manuten\u00e7\u00f5es para prolongar a vida \u00fatil dos seus equipamentos e evitar falhas inesperadas.<\/p>\t\t\t\t\t\t\t\t<\/div>\n\t\t\t\t<\/div>\n\t\t\t\t<div class=\"elementor-element elementor-element-34605ae elementor-widget__width-initial elementor-invisible elementor-widget elementor-widget-text-editor\" data-id=\"34605ae\" data-element_type=\"widget\" data-e-type=\"widget\" data-settings=\"{&quot;_animation&quot;:&quot;fadeInLeft&quot;,&quot;_animation_delay&quot;:800}\" data-widget_type=\"text-editor.default\">\n\t\t\t\t<div class=\"elementor-widget-container\">\n\t\t\t\t\t\t\t\t\t<p>\ud83d\udd39 <strong data-start=\"1387\" data-end=\"1424\">Conserto e Reparo de Equipamentos<\/strong><\/p><p>Diagn\u00f3stico e reparo de geladeiras, freezers, expositores refrigerados, c\u00e2maras frias e ar-condicionado.<\/p>\t\t\t\t\t\t\t\t<\/div>\n\t\t\t\t<\/div>\n\t\t\t\t<div class=\"elementor-element elementor-element-94b54cf elementor-widget__width-initial elementor-invisible elementor-widget elementor-widget-text-editor\" data-id=\"94b54cf\" data-element_type=\"widget\" data-e-type=\"widget\" data-settings=\"{&quot;_animation&quot;:&quot;fadeInLeft&quot;,&quot;_animation_delay&quot;:1000}\" data-widget_type=\"text-editor.default\">\n\t\t\t\t<div class=\"elementor-widget-container\">\n\t\t\t\t\t\t\t\t\t<p>\ud83d\udd39 <strong data-start=\"1556\" data-end=\"1587\">Recarga de G\u00e1s Refrigerante<\/strong><\/p><p>Servi\u00e7o de recarga de g\u00e1s para garantir o funcionamento ideal do seu equipamento e evitar consumo excessivo de energia.<\/p>\t\t\t\t\t\t\t\t<\/div>\n\t\t\t\t<\/div>\n\t\t\t\t<div class=\"elementor-element elementor-element-5630ed0 elementor-widget__width-initial elementor-invisible elementor-widget elementor-widget-text-editor\" data-id=\"5630ed0\" data-element_type=\"widget\" data-e-type=\"widget\" data-settings=\"{&quot;_animation&quot;:&quot;fadeInLeft&quot;,&quot;_animation_delay&quot;:1200}\" data-widget_type=\"text-editor.default\">\n\t\t\t\t<div class=\"elementor-widget-container\">\n\t\t\t\t\t\t\t\t\t<p>\ud83d\udd39 <strong data-start=\"1734\" data-end=\"1766\">Troca de Pe\u00e7as e Componentes<\/strong><\/p><p>Substitu\u00edmos pe\u00e7as desgastadas ou defeituosas com componentes de alta qualidade para melhor desempenho do seu sistema.<\/p>\t\t\t\t\t\t\t\t<\/div>\n\t\t\t\t<\/div>\n\t\t\t\t<div class=\"elementor-element elementor-element-87a35ab elementor-widget__width-initial elementor-invisible elementor-widget elementor-widget-text-editor\" data-id=\"87a35ab\" data-element_type=\"widget\" data-e-type=\"widget\" data-settings=\"{&quot;_animation&quot;:&quot;fadeInLeft&quot;,&quot;_animation_delay&quot;:1400}\" data-widget_type=\"text-editor.default\">\n\t\t\t\t<div class=\"elementor-widget-container\">\n\t\t\t\t\t\t\t\t\t<p>\ud83d\udd39 <strong data-start=\"1912\" data-end=\"1939\">Atendimento Emergencial<\/strong><\/p><p>Problema inesperado? Oferecemos suporte r\u00e1pido para minimizar preju\u00edzos e restaurar o funcionamento dos seus equipamentos.<\/p>\t\t\t\t\t\t\t\t<\/div>\n\t\t\t\t<\/div>\n\t\t\t\t<div class=\"elementor-element elementor-element-dcd0849 elementor-align-center elementor-widget elementor-widget-button\" data-id=\"dcd0849\" data-element_type=\"widget\" data-e-type=\"widget\" data-widget_type=\"button.default\">\n\t\t\t\t<div class=\"elementor-widget-container\">\n\t\t\t\t\t\t\t\t\t<div class=\"elementor-button-wrapper\">\n\t\t\t\t\t<a class=\"elementor-button elementor-button-link elementor-size-sm elementor-animation-grow\" href=\"https:\/\/wa.me\/5551985579770?text=Ola,%20vim%20pelo%20seu%20site%20e%20gostaria%20de\" target=\"_blank\" rel=\"noopener\">\n\t\t\t\t\t\t<span class=\"elementor-button-content-wrapper\">\n\t\t\t\t\t\t<span class=\"elementor-button-icon\">\n\t\t\t\t<svg aria-hidden=\"true\" class=\"e-font-icon-svg e-fab-whatsapp\" viewBox=\"0 0 448 512\" xmlns=\"http:\/\/www.w3.org\/2000\/svg\"><path d=\"M380.9 97.1C339 55.1 283.2 32 223.9 32c-122.4 0-222 99.6-222 222 0 39.1 10.2 77.3 29.6 111L0 480l117.7-30.9c32.4 17.7 68.9 27 106.1 27h.1c122.3 0 224.1-99.6 224.1-222 0-59.3-25.2-115-67.1-157zm-157 341.6c-33.2 0-65.7-8.9-94-25.7l-6.7-4-69.8 18.3L72 359.2l-4.4-7c-18.5-29.4-28.2-63.3-28.2-98.2 0-101.7 82.8-184.5 184.6-184.5 49.3 0 95.6 19.2 130.4 54.1 34.8 34.9 56.2 81.2 56.1 130.5 0 101.8-84.9 184.6-186.6 184.6zm101.2-138.2c-5.5-2.8-32.8-16.2-37.9-18-5.1-1.9-8.8-2.8-12.5 2.8-3.7 5.6-14.3 18-17.6 21.8-3.2 3.7-6.5 4.2-12 1.4-32.6-16.3-54-29.1-75.5-66-5.7-9.8 5.7-9.1 16.3-30.3 1.8-3.7.9-6.9-.5-9.7-1.4-2.8-12.5-30.1-17.1-41.2-4.5-10.8-9.1-9.3-12.5-9.5-3.2-.2-6.9-.2-10.6-.2-3.7 0-9.7 1.4-14.8 6.9-5.1 5.6-19.4 19-19.4 46.3 0 27.3 19.9 53.7 22.6 57.4 2.8 3.7 39.1 59.7 94.8 83.8 35.2 15.2 49 16.5 66.6 13.9 10.7-1.6 32.8-13.4 37.4-26.4 4.6-13 4.6-24.1 3.2-26.4-1.3-2.5-5-3.9-10.5-6.6z\"><\/path><\/svg>\t\t\t<\/span>\n\t\t\t\t\t\t\t\t\t<span class=\"elementor-button-text\">Entre em Contato<\/span>\n\t\t\t\t\t<\/span>\n\t\t\t\t\t<\/a>\n\t\t\t\t<\/div>\n\t\t\t\t\t\t\t\t<\/div>\n\t\t\t\t<\/div>\n\t\t\t\t\t<\/div>\n\t\t\t\t<\/div>\n\t\t\t\t<\/div>\n\t\t","protected":false},"excerpt":{"rendered":"<p>Solu\u00e7\u00f5es Completas em Refrigera\u00e7\u00e3o Comercial e Industrial Atendemos Porto Alegre e Regi\u00e3o Metropolitana com servi\u00e7os de alta qualidade para garantir efici\u00eancia e durabilidade dos seus equipamentos. NOSSOS SERVI\u00c7OS &#x1f539; Compra e Venda de Equipamentos Comercializamos equipamentos novos e seminovos para refrigera\u00e7\u00e3o comercial e industrial, garantindo qualidade e pre\u00e7o justo. &#x1f539; Instala\u00e7\u00e3o de Sistemas de Refrigera\u00e7\u00e3o Montamos e configuramos c\u00e2maras frias, freezers, balc\u00f5es refrigerados e sistemas de climatiza\u00e7\u00e3o de forma segura e eficiente. &#x1f539; Manuten\u00e7\u00e3o Preventiva e Corretiva Evite surpresas! Fazemos inspe\u00e7\u00f5es e manuten\u00e7\u00f5es para prolongar a vida \u00fatil dos seus equipamentos e evitar falhas inesperadas. &#x1f539; Conserto e Reparo de Equipamentos Diagn\u00f3stico e reparo de geladeiras, freezers, expositores refrigerados, c\u00e2maras frias e ar-condicionado. &#x1f539; Recarga de G\u00e1s Refrigerante Servi\u00e7o de recarga de g\u00e1s para garantir o funcionamento ideal do seu equipamento e evitar consumo excessivo de energia. &#x1f539; Troca de Pe\u00e7as e Componentes Substitu\u00edmos pe\u00e7as desgastadas ou defeituosas com componentes de alta qualidade para melhor desempenho do seu sistema. &#x1f539; Atendimento Emergencial Problema inesperado? Oferecemos suporte r\u00e1pido para minimizar preju\u00edzos e restaurar o funcionamento dos seus equipamentos. Entre em Contato<\/p>\n","protected":false},"author":1,"featured_media":0,"parent":0,"menu_order":0,"comment_status":"closed","ping_status":"closed","template":"","meta":{"footnotes":""},"class_list":["post-13","page","type-page","status-publish","hentry"],"_links":{"self":[{"href":"https:\/\/refrigeracaomp.com.br\/rmp\/wp-json\/wp\/v2\/pages\/13","targetHints":{"allow":["GET"]}}],"collection":[{"href":"https:\/\/refrigeracaomp.com.br\/rmp\/wp-json\/wp\/v2\/pages"}],"about":[{"href":"https:\/\/refrigeracaomp.com.br\/rmp\/wp-json\/wp\/v2\/types\/page"}],"author":[{"embeddable":true,"href":"https:\/\/refrigeracaomp.com.br\/rmp\/wp-json\/wp\/v2\/users\/1"}],"replies":[{"embeddable":true,"href":"https:\/\/refrigeracaomp.com.br\/rmp\/wp-json\/wp\/v2\/comments?post=13"}],"version-history":[{"count":34,"href":"https:\/\/refrigeracaomp.com.br\/rmp\/wp-json\/wp\/v2\/pages\/13\/revisions"}],"predecessor-version":[{"id":189,"href":"https:\/\/refrigeracaomp.com.br\/rmp\/wp-json\/wp\/v2\/pages\/13\/revisions\/189"}],"wp:attachment":[{"href":"https:\/\/refrigeracaomp.com.br\/rmp\/wp-json\/wp\/v2\/media?parent=13"}],"curies":[{"name":"wp","href":"https:\/\/api.w.org\/{rel}","templated":true}]}}